{"id":4091,"date":"2013-05-08T09:35:06","date_gmt":"2013-05-08T12:35:06","guid":{"rendered":"http:\/\/www.encontraparana.com.br\/toledo\/?page_id=4091"},"modified":"2025-11-26T13:33:39","modified_gmt":"2025-11-26T16:33:39","slug":"sobre-toledo","status":"publish","type":"page","link":"https:\/\/www.encontraparana.com.br\/toledo\/sobre-toledo\/","title":{"rendered":"Sobre Toledo"},"content":{"rendered":"<p><a href=\"http:\/\/www.encontraparana.com.br\/toledo\/wp-content\/uploads\/2013\/05\/img-topo.jpg\"><img loading=\"lazy\" decoding=\"async\" width=\"550\" height=\"153\" class=\"alignnone size-full wp-image-4192\" src=\"http:\/\/www.encontraparana.com.br\/toledo\/wp-content\/uploads\/2013\/05\/img-topo.jpg\" alt=\"img-topo\" srcset=\"https:\/\/www.encontraparana.com.br\/toledo\/wp-content\/uploads\/2013\/05\/img-topo.jpg 550w, https:\/\/www.encontraparana.com.br\/toledo\/wp-content\/uploads\/2013\/05\/img-topo-300x83.jpg 300w\" sizes=\"auto, (max-width: 550px) 100vw, 550px\" \/><br \/>\n<\/a><br \/>\n<strong>Toledo<\/strong> \u00e9 um munic\u00edpio brasileiro do estado do <a title=\"Encontra Paran\u00e1\" href=\"http:\/\/www.encontraparana.com.br\">Paran\u00e1<\/a>. Localiza-se na regi\u00e3o oeste, pr\u00f3ximo a Cascavel, formando com este munic\u00edpio um eixo de desenvolvimento ligado ao agroneg\u00f3cio, impulsionado pelo seu solo f\u00e9rtil e plano, que faz concentrar cooperativas e outras empresas do ramo, tornando-o um dos maiores produtores de gr\u00e3os do estado. Sua popula\u00e7\u00e3o \u00e9 de 130.295 habitantes, conforme estimativa do IBGE.<\/p>\n<p>A dist\u00e2ncia rodovi\u00e1ria at\u00e9 a capital do estado \u00e9 de 540 km.<\/p>\n<p><a href=\"http:\/\/www.encontraparana.com.br\/toledo\/wp-content\/uploads\/2013\/05\/mapa-divisao-administrativa.png\"><img loading=\"lazy\" decoding=\"async\" class=\"alignnone size-medium wp-image-4193\" src=\"http:\/\/www.encontraparana.com.br\/toledo\/wp-content\/uploads\/2013\/05\/mapa-divisao-administrativa-300x300.png\" alt=\"mapa-divisao-administrativa\" width=\"300\" height=\"300\" srcset=\"https:\/\/www.encontraparana.com.br\/toledo\/wp-content\/uploads\/2013\/05\/mapa-divisao-administrativa-300x300.png 300w, https:\/\/www.encontraparana.com.br\/toledo\/wp-content\/uploads\/2013\/05\/mapa-divisao-administrativa.png 800w\" sizes=\"auto, (max-width: 300px) 100vw, 300px\" \/><\/a><\/p>\n<h3>Hist\u00f3ria<\/h3>\n<p>Toledo est\u00e1 situado numa regi\u00e3o de coloniza\u00e7\u00e3o recente, e recebeu seus primeiros moradores em 1946, colonos oriundos da cidade ga\u00facha de S\u00e3o Marcos, na \u00e9poca interior de Caxias do Sul, para o ent\u00e3o Territ\u00f3rio Federal do Igua\u00e7u. Em 1951 o munic\u00edpio foi emancipado de Foz do Igua\u00e7u pela Lei n\u00ba 790, sancionada pelo governador do Paran\u00e1 Bento Munhoz da Rocha Neto.<\/p>\n<p>A primeira elei\u00e7\u00e3o ocorreu em 9 de novembro de 1952 e a instala\u00e7\u00e3o oficial em 14 de dezembro de 1952, quando se deu a posse do prefeito Ernesto Dall&#8217;Oglio (1952\/1956).<\/p>\n<p>Na d\u00e9cada de 1960 a regi\u00e3o contava com apenas cinco munic\u00edpios: Foz do Igua\u00e7u, Cascavel, Toledo, Gua\u00edra e Guarania\u00e7u.<\/p>\n<p>Toledo surgiu quando a Industrial Madeireira e Colonizadora Rio Paran\u00e1 S\/A &#8211; MARIP\u00c1 adquiriu junto a uma companhia imobili\u00e1ria inglesa uma gleba de terras denominada Fazenda Brit\u00e2nia, iniciado em seguida a ocupa\u00e7\u00e3o e desbravamento da \u00e1rea ao trazer colonos do Rio Grande do Sul.<\/p>\n<p>A atividade inicial foi a extra\u00e7\u00e3o de madeira para atender os mercados da Argentina e Uruguai. O plano de coloniza\u00e7\u00e3o fundamentou-se em pequenas propriedades, com m\u00e9dia de 10 alqueires paulistas.<\/p>\n<p>A partir da\u00ed o desenvolvimento ocorreu de forma acelerada, inicialmente em torno da economia das comunidades agr\u00edcolas, o que emprestou \u00e0 sociedade um forte esp\u00edrito greg\u00e1rio.<\/p>\n<p>Na d\u00e9cada de 1960 para 1970 a moderniza\u00e7\u00e3o da produ\u00e7\u00e3o imprimiu novas rela\u00e7\u00f5es no campo e a especializa\u00e7\u00e3o favoreceu a monocultura e a concentra\u00e7\u00e3o de propriedade, ocasionando o \u00eaxodo rural e a acelerada urbaniza\u00e7\u00e3o.<\/p>\n<p>A suinocultura, que era atividade complementar para os pioneiros, desenvolveu-se rapidamente na d\u00e9cada de 50, culminando com a funda\u00e7\u00e3o do Frigorifico Pioneiro S\/A, que teve seu controle acion\u00e1rio adquirido pela empresa Sadia no ano de 1964, que veio a implementar o sistema de integra\u00e7\u00e3o nas \u00e1reas de aves e su\u00ednos, al\u00e9m de um complexo fabril que a tornou a maior ind\u00fastria instalada no munic\u00edpio. Inicialmente atuava por meio da Frigobr\u00e1s, mas ap\u00f3s a incorpora\u00e7\u00e3o desta \u00e0 Sadia S.A., o setor de compras foi transferido para outra localidade. Mais recentemente a fus\u00e3o entre a Sadia e a Perdig\u00e3o , atual BRF , motivou a transfer\u00eancia da \u00e1rea administrativa para Curitiba, mas o complexo fabril permanece inalterado, com cerca de 7 mil trabalhadores, cuja produ\u00e7\u00e3o atende o mercado interno e externo. Nos anos 90 a Sadia passou a investir na amplia\u00e7\u00e3o da \u00e1rea suin\u00edcola e Toledo expandiu seu rebanho de 100 mil para mais de 400 mil cabe\u00e7as.<\/p>\n<h3>Turismo<\/h3>\n<p>O Munic\u00edpio de Toledo prepara-se para a &#8220;Ind\u00fastria do Terceiro Mil\u00eanio&#8221;, com v\u00e1rias op\u00e7\u00f5es de turismo, lazer, gastronomia, cultura, esporte e eventos de neg\u00f3cios.Toledo possui todos os selos da EMBRATUR que o credenciam como Munic\u00edpio com potencialidade e prioridade para o desenvolvimento tur\u00edstico.<\/p>\n<p>Conta com belezas naturais, como saltos, cachoeiras, trilhas ecol\u00f3gicos no Rio S\u00e3o Francisco, com destaque para o Parque Ecol\u00f3gico Diva Paim Barth, em plena regi\u00e3o central, com um lago, horto florestal e outros atrativos, que o tornam ponto de encontro da popula\u00e7\u00e3o.22<\/p>\n<h3>Cultura<\/h3>\n<p><strong>Teatro Municipal<\/strong><br \/>\nO Teatro Municipal de Toledo foi inaugurado no dia 26 de novembro de 1999, \u00e9 o terceiro maior teatro p\u00fablico do Estado do Paran\u00e1, com \u00e1rea total constru\u00edda de 2.974,18 m\u00b2, entre palco, plateia, camarins, salas de ensaio, salas administrativas e demais depend\u00eancias.<\/p>\n<p>Tem capacidade para 1.022 pessoas e conta tamb\u00e9m com cadeiras para obesos e portadores de necessidades especiais.<br \/>\nLocalizado no centro Cultural Oscar Silva, na Avenida Tiradentes, tem como escopo retratar a hist\u00f3ria da coloniza\u00e7\u00e3o da cidade e regi\u00e3o. J\u00e1 tendo projetos para sua sede pr\u00f3pria, com maior espa\u00e7o para seu acervo e estudo.<\/p>\n<p><strong>Casa da Cultura<\/strong><br \/>\nInaugurada oficialmente em 4 de dezembro de 1976, foi a primeira do g\u00eanero a ser criada no Estado do Paran\u00e1. Abriga a sede da Secretaria Municipal de Cultura de Toledo.<br \/>\nBibliotecas<br \/>\nA Biblioteca Municipal foi criada em 12 de dezembro de 1960 e registrada no Instituto Nacional do Livro. Tem sua sede no centro Cultural Oscar Silva, no centro da cidade.<\/p>\n<p><strong>Centro de Eventos Ismael Sperafico<\/strong><br \/>\nCentro de Eventos Ismael Sperafico, com \u00e1rea superior a 33.000 m\u00b2, um dos maiores empreendimentos do g\u00eanero no sul do pa\u00eds. Conta com um pavilh\u00e3o de exposi\u00e7\u00f5es industriais\/comerciais e de presta\u00e7\u00e3o de servi\u00e7os, centro gastron\u00f4mico com cozinhas e churrasqueiras, arena de rodeios com capacidade aproximada de oito mil pessoas, complexo agropecu\u00e1rio contendo 11 pavilh\u00f5es para gado de corte, gado leiteiro, equinos e su\u00ednos, centro de hipismo, pavilh\u00e3o para leil\u00f5es, centro de apoio para pequenos animais, centro de treinamento, local espec\u00edfico para inspe\u00e7\u00e3o sanit\u00e1ria e sede da Casa do Agricultor.<\/p>\n<p>O complexo recebe todos os anos grandes feiras do com\u00e9rcio e da agropecu\u00e1ria, como a Feira Shopping e ExpoToledo.<\/p>\n<h3>Galeria de fotos da cidade de Toledo<\/h3>\n\n\t\t<style type=\"text\/css\">\n\t\t\t#gallery-1 {\n\t\t\t\tmargin: auto;\n\t\t\t}\n\t\t\t#gallery-1 .gallery-item {\n\t\t\t\tfloat: left;\n\t\t\t\tmargin-top: 10px;\n\t\t\t\ttext-align: center;\n\t\t\t\twidth: 33%;\n\t\t\t}\n\t\t\t#gallery-1 img {\n\t\t\t\tborder: 2px solid #cfcfcf;\n\t\t\t}\n\t\t\t#gallery-1 .gallery-caption {\n\t\t\t\tmargin-left: 0;\n\t\t\t}\n\t\t\t\/* see gallery_shortcode() in wp-includes\/media.php *\/\n\t\t<\/style>\n\t\t<div id='gallery-1' class='gallery galleryid-4091 gallery-columns-3 gallery-size-thumbnail'><dl class='gallery-item'>\n\t\t\t<dt class='gallery-icon landscape'>\n\t\t\t\t<a href='https:\/\/www.encontraparana.com.br\/toledo\/wp-content\/uploads\/2013\/05\/teatro-municipal-de-toledo.jpg'><img loading=\"lazy\" decoding=\"async\" width=\"150\" height=\"105\" src=\"https:\/\/www.encontraparana.com.br\/toledo\/wp-content\/uploads\/2013\/05\/teatro-municipal-de-toledo-150x105.jpg\" class=\"attachment-thumbnail size-thumbnail\" alt=\"\" aria-describedby=\"gallery-1-4198\" \/><\/a>\n\t\t\t<\/dt>\n\t\t\t\t<dd class='wp-caption-text gallery-caption' id='gallery-1-4198'>\n\t\t\t\tTeatro Municipal de Toledo\n\t\t\t\t<\/dd><\/dl><dl class='gallery-item'>\n\t\t\t<dt class='gallery-icon landscape'>\n\t\t\t\t<a href='https:\/\/www.encontraparana.com.br\/toledo\/wp-content\/uploads\/2013\/05\/sede-ric-tv-oeste-toledo.jpg'><img loading=\"lazy\" decoding=\"async\" width=\"150\" height=\"105\" src=\"https:\/\/www.encontraparana.com.br\/toledo\/wp-content\/uploads\/2013\/05\/sede-ric-tv-oeste-toledo-150x105.jpg\" class=\"attachment-thumbnail size-thumbnail\" alt=\"\" aria-describedby=\"gallery-1-4197\" \/><\/a>\n\t\t\t<\/dt>\n\t\t\t\t<dd class='wp-caption-text gallery-caption' id='gallery-1-4197'>\n\t\t\t\tSede Ric TV &#8211;  Oeste Toledo\n\t\t\t\t<\/dd><\/dl><dl class='gallery-item'>\n\t\t\t<dt class='gallery-icon landscape'>\n\t\t\t\t<a href='https:\/\/www.encontraparana.com.br\/toledo\/wp-content\/uploads\/2013\/05\/vista-parcial-cidade-toledo.jpg'><img loading=\"lazy\" decoding=\"async\" width=\"150\" height=\"105\" src=\"https:\/\/www.encontraparana.com.br\/toledo\/wp-content\/uploads\/2013\/05\/vista-parcial-cidade-toledo-150x105.jpg\" class=\"attachment-thumbnail size-thumbnail\" alt=\"\" aria-describedby=\"gallery-1-4199\" \/><\/a>\n\t\t\t<\/dt>\n\t\t\t\t<dd class='wp-caption-text gallery-caption' id='gallery-1-4199'>\n\t\t\t\tVista Parcial &#8211; Cidade Toledo\n\t\t\t\t<\/dd><\/dl><br style=\"clear: both\" \/><dl class='gallery-item'>\n\t\t\t<dt class='gallery-icon landscape'>\n\t\t\t\t<a href='https:\/\/www.encontraparana.com.br\/toledo\/wp-content\/uploads\/2013\/05\/rodovia-jose-neves-formiguieri-regiao-toledo.jpg'><img loading=\"lazy\" decoding=\"async\" width=\"150\" height=\"105\" src=\"https:\/\/www.encontraparana.com.br\/toledo\/wp-content\/uploads\/2013\/05\/rodovia-jose-neves-formiguieri-regiao-toledo-150x105.jpg\" class=\"attachment-thumbnail size-thumbnail\" alt=\"\" aria-describedby=\"gallery-1-4196\" \/><\/a>\n\t\t\t<\/dt>\n\t\t\t\t<dd class='wp-caption-text gallery-caption' id='gallery-1-4196'>\n\t\t\t\tRodovia Jos\u00e9 Neves Formiguieri &#8211; Toledo PR\n\t\t\t\t<\/dd><\/dl><dl class='gallery-item'>\n\t\t\t<dt class='gallery-icon landscape'>\n\t\t\t\t<a href='https:\/\/www.encontraparana.com.br\/toledo\/wp-content\/uploads\/2013\/05\/centro-de-eventos-ismael-speratico.jpg'><img loading=\"lazy\" decoding=\"async\" width=\"150\" height=\"105\" src=\"https:\/\/www.encontraparana.com.br\/toledo\/wp-content\/uploads\/2013\/05\/centro-de-eventos-ismael-speratico-150x105.jpg\" class=\"attachment-thumbnail size-thumbnail\" alt=\"\" aria-describedby=\"gallery-1-4195\" \/><\/a>\n\t\t\t<\/dt>\n\t\t\t\t<dd class='wp-caption-text gallery-caption' id='gallery-1-4195'>\n\t\t\t\tCentro de eventos Ismael Speratico\n\t\t\t\t<\/dd><\/dl><dl class='gallery-item'>\n\t\t\t<dt class='gallery-icon landscape'>\n\t\t\t\t<a href='https:\/\/www.encontraparana.com.br\/toledo\/wp-content\/uploads\/2013\/05\/campus-puc-pr-toledo.jpg'><img loading=\"lazy\" decoding=\"async\" width=\"150\" height=\"105\" src=\"https:\/\/www.encontraparana.com.br\/toledo\/wp-content\/uploads\/2013\/05\/campus-puc-pr-toledo-150x105.jpg\" class=\"attachment-thumbnail size-thumbnail\" alt=\"\" aria-describedby=\"gallery-1-4194\" \/><\/a>\n\t\t\t<\/dt>\n\t\t\t\t<dd class='wp-caption-text gallery-caption' id='gallery-1-4194'>\n\t\t\t\tCampus PUC- PR &#8211; Toledo\n\t\t\t\t<\/dd><\/dl><br style=\"clear: both\" \/>\n\t\t<\/div>\n\n<h3><\/h3>\n<h3><\/h3>\n<p>Fonte:\u00a0<a title=\"Guia do Estado do Paran\u00e1\" href=\"https:\/\/www.encontraparana.com.br\/sobre-parana.htm\" target=\"_blank\" rel=\"noopener noreferrer\">www.encontraparana.com.br<\/a><\/p>\n<div style=\"float: left; margin-right: 20px;\"><\/div>\n","protected":false},"excerpt":{"rendered":"<p>Toledo \u00e9 um munic\u00edpio brasileiro do estado do Paran\u00e1. Localiza-se na regi\u00e3o oeste, pr\u00f3ximo a Cascavel, formando com este munic\u00edpio um eixo de desenvolvimento ligado ao agroneg\u00f3cio, impulsionado pelo seu solo f\u00e9rtil e plano, que faz concentrar cooperativas e outras empresas do ramo, tornando-o um dos maiores produtores de gr\u00e3os do estado. Sua popula\u00e7\u00e3o \u00e9 de 130.295 habitantes, conforme estimativa do IBGE. A dist\u00e2ncia rodovi\u00e1ria at\u00e9 a capital do estado \u00e9 de 540 km. Hist\u00f3ria Toledo est\u00e1 situado numa regi\u00e3o de coloniza\u00e7\u00e3o recente, e recebeu seus primeiros moradores em 1946, colonos oriundos da cidade ga\u00facha de S\u00e3o Marcos, na \u00e9poca <\/p>\n","protected":false},"author":1,"featured_media":0,"parent":0,"menu_order":0,"comment_status":"open","ping_status":"open","template":"tpl_sobre_noticias.php","meta":{"footnotes":""},"class_list":["post-4091","page","type-page","status-publish","hentry"],"yoast_head":"<!-- This site is optimized with the Yoast SEO plugin v27.3 - https:\/\/yoast.com\/product\/yoast-seo-wordpress\/ -->\n<title>Sobre Toledo | Guia Comercial de Toledo PR<\/title>\n<meta name=\"robots\" content=\"index, follow, max-snippet:-1, max-image-preview:large, max-video-preview:-1\" \/>\n<link rel=\"canonical\" href=\"https:\/\/www.encontraparana.com.br\/toledo\/sobre-toledo\/\" \/>\n<meta property=\"og:locale\" content=\"pt_BR\" \/>\n<meta property=\"og:type\" content=\"article\" \/>\n<meta property=\"og:title\" content=\"Sobre Toledo | Guia Comercial de Toledo PR\" \/>\n<meta property=\"og:description\" content=\"Toledo \u00e9 um munic\u00edpio brasileiro do estado do Paran\u00e1. Localiza-se na regi\u00e3o oeste, pr\u00f3ximo a Cascavel, formando com este munic\u00edpio um eixo de desenvolvimento ligado ao agroneg\u00f3cio, impulsionado pelo seu solo f\u00e9rtil e plano, que faz concentrar cooperativas e outras empresas do ramo, tornando-o um dos maiores produtores de gr\u00e3os do estado. Sua popula\u00e7\u00e3o \u00e9 de 130.295 habitantes, conforme estimativa do IBGE. A dist\u00e2ncia rodovi\u00e1ria at\u00e9 a capital do estado \u00e9 de 540 km. Hist\u00f3ria Toledo est\u00e1 situado numa regi\u00e3o de coloniza\u00e7\u00e3o recente, e recebeu seus primeiros moradores em 1946, colonos oriundos da cidade ga\u00facha de S\u00e3o Marcos, na \u00e9poca\" \/>\n<meta property=\"og:url\" content=\"https:\/\/www.encontraparana.com.br\/toledo\/sobre-toledo\/\" \/>\n<meta property=\"og:site_name\" content=\"Guia Comercial de Toledo PR\" \/>\n<meta property=\"article:modified_time\" content=\"2025-11-26T16:33:39+00:00\" \/>\n<meta property=\"og:image\" content=\"https:\/\/www.encontraparana.com.br\/toledo\/wp-content\/uploads\/2013\/05\/campus-puc-pr-toledo-150x105.jpg\" \/>\n<meta name=\"twitter:card\" content=\"summary_large_image\" \/>\n<meta name=\"twitter:label1\" content=\"Est. tempo de leitura\" \/>\n\t<meta name=\"twitter:data1\" content=\"6 minutos\" \/>\n<script type=\"application\/ld+json\" class=\"yoast-schema-graph\">{\"@context\":\"https:\\\/\\\/schema.org\",\"@graph\":[{\"@type\":\"WebPage\",\"@id\":\"https:\\\/\\\/www.encontraparana.com.br\\\/toledo\\\/sobre-toledo\\\/\",\"url\":\"https:\\\/\\\/www.encontraparana.com.br\\\/toledo\\\/sobre-toledo\\\/\",\"name\":\"Sobre Toledo | Guia Comercial de Toledo PR\",\"isPartOf\":{\"@id\":\"https:\\\/\\\/www.encontraparana.com.br\\\/toledo\\\/#website\"},\"primaryImageOfPage\":{\"@id\":\"https:\\\/\\\/www.encontraparana.com.br\\\/toledo\\\/sobre-toledo\\\/#primaryimage\"},\"image\":{\"@id\":\"https:\\\/\\\/www.encontraparana.com.br\\\/toledo\\\/sobre-toledo\\\/#primaryimage\"},\"thumbnailUrl\":\"http:\\\/\\\/www.encontraparana.com.br\\\/toledo\\\/wp-content\\\/uploads\\\/2013\\\/05\\\/img-topo.jpg\",\"datePublished\":\"2013-05-08T12:35:06+00:00\",\"dateModified\":\"2025-11-26T16:33:39+00:00\",\"inLanguage\":\"pt-BR\",\"potentialAction\":[{\"@type\":\"ReadAction\",\"target\":[\"https:\\\/\\\/www.encontraparana.com.br\\\/toledo\\\/sobre-toledo\\\/\"]}]},{\"@type\":\"ImageObject\",\"inLanguage\":\"pt-BR\",\"@id\":\"https:\\\/\\\/www.encontraparana.com.br\\\/toledo\\\/sobre-toledo\\\/#primaryimage\",\"url\":\"http:\\\/\\\/www.encontraparana.com.br\\\/toledo\\\/wp-content\\\/uploads\\\/2013\\\/05\\\/img-topo.jpg\",\"contentUrl\":\"http:\\\/\\\/www.encontraparana.com.br\\\/toledo\\\/wp-content\\\/uploads\\\/2013\\\/05\\\/img-topo.jpg\"},{\"@type\":\"WebSite\",\"@id\":\"https:\\\/\\\/www.encontraparana.com.br\\\/toledo\\\/#website\",\"url\":\"https:\\\/\\\/www.encontraparana.com.br\\\/toledo\\\/\",\"name\":\"Guia Comercial de Toledo PR\",\"description\":\"ENCONTRA TOLEDO - O guia comercial de neg\u00f3cios e empresas, cultura e divers\u00e3o na cidade de Toledo. Feito 100% para voc\u00ea morador!\",\"potentialAction\":[{\"@type\":\"SearchAction\",\"target\":{\"@type\":\"EntryPoint\",\"urlTemplate\":\"https:\\\/\\\/www.encontraparana.com.br\\\/toledo\\\/?s={search_term_string}\"},\"query-input\":{\"@type\":\"PropertyValueSpecification\",\"valueRequired\":true,\"valueName\":\"search_term_string\"}}],\"inLanguage\":\"pt-BR\"}]}<\/script>\n<!-- \/ Yoast SEO plugin. -->","yoast_head_json":{"title":"Sobre Toledo | Guia Comercial de Toledo PR","robots":{"index":"index","follow":"follow","max-snippet":"max-snippet:-1","max-image-preview":"max-image-preview:large","max-video-preview":"max-video-preview:-1"},"canonical":"https:\/\/www.encontraparana.com.br\/toledo\/sobre-toledo\/","og_locale":"pt_BR","og_type":"article","og_title":"Sobre Toledo | Guia Comercial de Toledo PR","og_description":"Toledo \u00e9 um munic\u00edpio brasileiro do estado do Paran\u00e1. Localiza-se na regi\u00e3o oeste, pr\u00f3ximo a Cascavel, formando com este munic\u00edpio um eixo de desenvolvimento ligado ao agroneg\u00f3cio, impulsionado pelo seu solo f\u00e9rtil e plano, que faz concentrar cooperativas e outras empresas do ramo, tornando-o um dos maiores produtores de gr\u00e3os do estado. Sua popula\u00e7\u00e3o \u00e9 de 130.295 habitantes, conforme estimativa do IBGE. A dist\u00e2ncia rodovi\u00e1ria at\u00e9 a capital do estado \u00e9 de 540 km. Hist\u00f3ria Toledo est\u00e1 situado numa regi\u00e3o de coloniza\u00e7\u00e3o recente, e recebeu seus primeiros moradores em 1946, colonos oriundos da cidade ga\u00facha de S\u00e3o Marcos, na \u00e9poca","og_url":"https:\/\/www.encontraparana.com.br\/toledo\/sobre-toledo\/","og_site_name":"Guia Comercial de Toledo PR","article_modified_time":"2025-11-26T16:33:39+00:00","og_image":[{"url":"https:\/\/www.encontraparana.com.br\/toledo\/wp-content\/uploads\/2013\/05\/campus-puc-pr-toledo-150x105.jpg","type":"","width":"","height":""}],"twitter_card":"summary_large_image","twitter_misc":{"Est. tempo de leitura":"6 minutos"},"schema":{"@context":"https:\/\/schema.org","@graph":[{"@type":"WebPage","@id":"https:\/\/www.encontraparana.com.br\/toledo\/sobre-toledo\/","url":"https:\/\/www.encontraparana.com.br\/toledo\/sobre-toledo\/","name":"Sobre Toledo | Guia Comercial de Toledo PR","isPartOf":{"@id":"https:\/\/www.encontraparana.com.br\/toledo\/#website"},"primaryImageOfPage":{"@id":"https:\/\/www.encontraparana.com.br\/toledo\/sobre-toledo\/#primaryimage"},"image":{"@id":"https:\/\/www.encontraparana.com.br\/toledo\/sobre-toledo\/#primaryimage"},"thumbnailUrl":"http:\/\/www.encontraparana.com.br\/toledo\/wp-content\/uploads\/2013\/05\/img-topo.jpg","datePublished":"2013-05-08T12:35:06+00:00","dateModified":"2025-11-26T16:33:39+00:00","inLanguage":"pt-BR","potentialAction":[{"@type":"ReadAction","target":["https:\/\/www.encontraparana.com.br\/toledo\/sobre-toledo\/"]}]},{"@type":"ImageObject","inLanguage":"pt-BR","@id":"https:\/\/www.encontraparana.com.br\/toledo\/sobre-toledo\/#primaryimage","url":"http:\/\/www.encontraparana.com.br\/toledo\/wp-content\/uploads\/2013\/05\/img-topo.jpg","contentUrl":"http:\/\/www.encontraparana.com.br\/toledo\/wp-content\/uploads\/2013\/05\/img-topo.jpg"},{"@type":"WebSite","@id":"https:\/\/www.encontraparana.com.br\/toledo\/#website","url":"https:\/\/www.encontraparana.com.br\/toledo\/","name":"Guia Comercial de Toledo PR","description":"ENCONTRA TOLEDO - O guia comercial de neg\u00f3cios e empresas, cultura e divers\u00e3o na cidade de Toledo. Feito 100% para voc\u00ea morador!","potentialAction":[{"@type":"SearchAction","target":{"@type":"EntryPoint","urlTemplate":"https:\/\/www.encontraparana.com.br\/toledo\/?s={search_term_string}"},"query-input":{"@type":"PropertyValueSpecification","valueRequired":true,"valueName":"search_term_string"}}],"inLanguage":"pt-BR"}]}},"_links":{"self":[{"href":"https:\/\/www.encontraparana.com.br\/toledo\/wp-json\/wp\/v2\/pages\/4091","targetHints":{"allow":["GET"]}}],"collection":[{"href":"https:\/\/www.encontraparana.com.br\/toledo\/wp-json\/wp\/v2\/pages"}],"about":[{"href":"https:\/\/www.encontraparana.com.br\/toledo\/wp-json\/wp\/v2\/types\/page"}],"author":[{"embeddable":true,"href":"https:\/\/www.encontraparana.com.br\/toledo\/wp-json\/wp\/v2\/users\/1"}],"replies":[{"embeddable":true,"href":"https:\/\/www.encontraparana.com.br\/toledo\/wp-json\/wp\/v2\/comments?post=4091"}],"version-history":[{"count":0,"href":"https:\/\/www.encontraparana.com.br\/toledo\/wp-json\/wp\/v2\/pages\/4091\/revisions"}],"wp:attachment":[{"href":"https:\/\/www.encontraparana.com.br\/toledo\/wp-json\/wp\/v2\/media?parent=4091"}],"curies":[{"name":"wp","href":"https:\/\/api.w.org\/{rel}","templated":true}]}}